{"id":725,"date":"2021-06-22T17:30:35","date_gmt":"2021-06-22T15:30:35","guid":{"rendered":"http:\/\/www.quatuordefourviere.fr\/?page_id=725"},"modified":"2022-06-27T11:00:09","modified_gmt":"2022-06-27T09:00:09","slug":"mecenat","status":"publish","type":"page","link":"https:\/\/www.quatuordefourviere.fr\/index.php\/mecenat\/","title":{"rendered":"M\u00e9c\u00e9nat"},"content":{"rendered":"\t\t<div data-elementor-type=\"wp-page\" data-elementor-id=\"725\" class=\"elementor elementor-725\" data-elementor-settings=\"[]\">\n\t\t\t\t\t\t\t<div class=\"elementor-section-wrap\">\n\t\t\t\t\t\t\t<section class=\"elementor-section elementor-top-section elementor-element elementor-element-779962b elementor-section-boxed elementor-section-height-default elementor-section-height-default\" data-id=\"779962b\" data-element_type=\"section\">\n\t\t\t\t\t\t<div class=\"elementor-container elementor-column-gap-default\">\n\t\t\t\t\t<div class=\"elementor-column elementor-col-100 elementor-top-column elementor-element elementor-element-d77754e\" data-id=\"d77754e\" data-element_type=\"column\">\n\t\t\t<div class=\"elementor-widget-wrap elementor-element-populated\">\n\t\t\t\t\t\t\t\t<div class=\"elementor-element elementor-element-98c0f67 elementor-widget elementor-widget-heading\" data-id=\"98c0f67\" data-element_type=\"widget\" data-widget_type=\"heading.default\">\n\t\t\t\t<div class=\"elementor-widget-container\">\n\t\t\t<h2 class=\"elementor-heading-title elementor-size-xl\">Faire un don<\/h2>\t\t<\/div>\n\t\t\t\t<\/div>\n\t\t\t\t\t<\/div>\n\t\t<\/div>\n\t\t\t\t\t\t\t<\/div>\n\t\t<\/section>\n\t\t\t\t<section class=\"elementor-section elementor-top-section elementor-element elementor-element-7514307 elementor-section-boxed elementor-section-height-default elementor-section-height-default\" data-id=\"7514307\" data-element_type=\"section\">\n\t\t\t\t\t\t<div class=\"elementor-container elementor-column-gap-default\">\n\t\t\t\t\t<div class=\"elementor-column elementor-col-100 elementor-top-column elementor-element elementor-element-69b9af0\" data-id=\"69b9af0\" data-element_type=\"column\">\n\t\t\t<div class=\"elementor-widget-wrap elementor-element-populated\">\n\t\t\t\t\t\t\t\t<div class=\"elementor-element elementor-element-2703027 elementor-widget-divider--view-line elementor-widget elementor-widget-divider\" data-id=\"2703027\" data-element_type=\"widget\" data-widget_type=\"divider.default\">\n\t\t\t\t<div class=\"elementor-widget-container\">\n\t\t\t\t\t<div class=\"elementor-divider\">\n\t\t\t<span class=\"elementor-divider-separator\">\n\t\t\t\t\t\t<\/span>\n\t\t<\/div>\n\t\t\t\t<\/div>\n\t\t\t\t<\/div>\n\t\t\t\t\t<\/div>\n\t\t<\/div>\n\t\t\t\t\t\t\t<\/div>\n\t\t<\/section>\n\t\t\t\t<section class=\"elementor-section elementor-top-section elementor-element elementor-element-0dc77d4 elementor-section-boxed elementor-section-height-default elementor-section-height-default\" data-id=\"0dc77d4\" data-element_type=\"section\">\n\t\t\t\t\t\t<div class=\"elementor-container elementor-column-gap-default\">\n\t\t\t\t\t<div class=\"elementor-column elementor-col-100 elementor-top-column elementor-element elementor-element-869dbe5\" data-id=\"869dbe5\" data-element_type=\"column\">\n\t\t\t<div class=\"elementor-widget-wrap elementor-element-populated\">\n\t\t\t\t\t\t\t\t<div class=\"elementor-element elementor-element-89f2c00 elementor-widget elementor-widget-spacer\" data-id=\"89f2c00\" data-element_type=\"widget\" data-widget_type=\"spacer.default\">\n\t\t\t\t<div class=\"elementor-widget-container\">\n\t\t\t\t\t<div class=\"elementor-spacer\">\n\t\t\t<div class=\"elementor-spacer-inner\"><\/div>\n\t\t<\/div>\n\t\t\t\t<\/div>\n\t\t\t\t<\/div>\n\t\t\t\t\t<\/div>\n\t\t<\/div>\n\t\t\t\t\t\t\t<\/div>\n\t\t<\/section>\n\t\t\t\t<section class=\"elementor-section elementor-top-section elementor-element elementor-element-d9aafad elementor-section-boxed elementor-section-height-default elementor-section-height-default\" data-id=\"d9aafad\" data-element_type=\"section\">\n\t\t\t\t\t\t<div class=\"elementor-container elementor-column-gap-default\">\n\t\t\t\t\t<div class=\"elementor-column elementor-col-50 elementor-top-column elementor-element elementor-element-d01524b\" data-id=\"d01524b\" data-element_type=\"column\">\n\t\t\t<div class=\"elementor-widget-wrap elementor-element-populated\">\n\t\t\t\t\t\t\t\t<div class=\"elementor-element elementor-element-ca47081 elementor-widget elementor-widget-text-editor\" data-id=\"ca47081\" data-element_type=\"widget\" data-widget_type=\"text-editor.default\">\n\t\t\t\t<div class=\"elementor-widget-container\">\n\t\t\t\t\t\t\t\t<p><span style=\"color: #ffffff;\"> Cher public, Soutenez L\u2019Orchestre de Fourvi\u00e8re &amp; Le Quatuor de Fourvi\u00e8re<\/span><\/p><p><span style=\"color: #ffffff;\"> En faisant un don \u00e0 l\u2019Association \u00ab LE TIPI DES MUSICIENS \u00bb, b\u00e9n\u00e9ficiez d\u2019une r\u00e9duction d\u2019imp\u00f4t. Les dons re\u00e7us par l\u2019association ouvrent droit \u00e0 r\u00e9duction d\u2019imp\u00f4t sur le revenu ou d\u2019imp\u00f4t sur les soci\u00e9t\u00e9s. \u200b Par carte bancaire : vous pouvez faire un don en\u00a0<span style=\"color: #c1422a;\"><a style=\"color: #c1422a;\" href=\"https:\/\/www.helloasso.com\/associations\/le-tipi-des-musiciens\/formulaires\/1\/widget\" target=\"_blank\" rel=\"nofollow noopener\" data-saferedirecturl=\"https:\/\/www.google.com\/url?q=https:\/\/www.helloasso.com\/associations\/le-tipi-des-musiciens\/formulaires\/1\/widget&amp;source=gmail&amp;ust=1626115710999000&amp;usg=AFQjCNGRQ8qDHU8WIlWQ3SAEM6ejClVTlg\">ligne<\/a>\u00a0<\/span>s\u00e9curis\u00e9\u00a0 Bulletin de don.<\/span><\/p><p><span style=\"color: #ffffff;\">T\u00e9l\u00e9chargez le document Cerfa<\/span><\/p>\t\t\t\t\t\t<\/div>\n\t\t\t\t<\/div>\n\t\t\t\t<div class=\"elementor-element elementor-element-aab1815 elementor-widget elementor-widget-button\" data-id=\"aab1815\" data-element_type=\"widget\" data-widget_type=\"button.default\">\n\t\t\t\t<div class=\"elementor-widget-container\">\n\t\t\t\t\t<div class=\"elementor-button-wrapper\">\n\t\t\t<a href=\"https:\/\/001bf20a-b84f-4342-8edd-ee420b29fe70.filesusr.com\/ugd\/7123b7_42ddcd94d03840328b61f777a88334a5.pdf\" target=\"_blank\" class=\"elementor-button-link elementor-button elementor-size-sm\" role=\"button\">\n\t\t\t\t\t\t<span class=\"elementor-button-content-wrapper\">\n\t\t\t\t\t\t<span class=\"elementor-button-icon elementor-align-icon-left\">\n\t\t\t\t<i aria-hidden=\"true\" class=\"far fa-file-pdf\"><\/i>\t\t\t<\/span>\n\t\t\t\t\t\t<span class=\"elementor-button-text\">Cliquez ici<\/span>\n\t\t<\/span>\n\t\t\t\t\t<\/a>\n\t\t<\/div>\n\t\t\t\t<\/div>\n\t\t\t\t<\/div>\n\t\t\t\t\t<\/div>\n\t\t<\/div>\n\t\t\t\t<div class=\"elementor-column elementor-col-50 elementor-top-column elementor-element elementor-element-1a23ce2\" data-id=\"1a23ce2\" data-element_type=\"column\">\n\t\t\t<div class=\"elementor-widget-wrap elementor-element-populated\">\n\t\t\t\t\t\t\t\t<div class=\"elementor-element elementor-element-ba4ce38 elementor-widget elementor-widget-image\" data-id=\"ba4ce38\" data-element_type=\"widget\" data-widget_type=\"image.default\">\n\t\t\t\t<div class=\"elementor-widget-container\">\n\t\t\t\t\t\t\t\t\t\t\t\t\t\t\t<img width=\"1024\" height=\"683\" src=\"https:\/\/www.quatuordefourviere.fr\/wp-content\/uploads\/2021\/07\/Don-1024x683.jpg\" class=\"attachment-large size-large\" alt=\"\" loading=\"lazy\" srcset=\"https:\/\/www.quatuordefourviere.fr\/wp-content\/uploads\/2021\/07\/Don-1024x683.jpg 1024w, https:\/\/www.quatuordefourviere.fr\/wp-content\/uploads\/2021\/07\/Don-300x200.jpg 300w, https:\/\/www.quatuordefourviere.fr\/wp-content\/uploads\/2021\/07\/Don-768x513.jpg 768w, https:\/\/www.quatuordefourviere.fr\/wp-content\/uploads\/2021\/07\/Don-1536x1025.jpg 1536w, https:\/\/www.quatuordefourviere.fr\/wp-content\/uploads\/2021\/07\/Don-2048x1367.jpg 2048w\" sizes=\"(max-width: 1024px) 100vw, 1024px\" \/>\t\t\t\t\t\t\t\t\t\t\t\t\t\t\t<\/div>\n\t\t\t\t<\/div>\n\t\t\t\t\t<\/div>\n\t\t<\/div>\n\t\t\t\t\t\t\t<\/div>\n\t\t<\/section>\n\t\t\t\t<section class=\"elementor-section elementor-top-section elementor-element elementor-element-8470967 elementor-section-boxed elementor-section-height-default elementor-section-height-default\" data-id=\"8470967\" data-element_type=\"section\">\n\t\t\t\t\t\t<div class=\"elementor-container elementor-column-gap-default\">\n\t\t\t\t\t<div class=\"elementor-column elementor-col-100 elementor-top-column elementor-element elementor-element-757b287\" data-id=\"757b287\" data-element_type=\"column\">\n\t\t\t<div class=\"elementor-widget-wrap elementor-element-populated\">\n\t\t\t\t\t\t\t\t<div class=\"elementor-element elementor-element-7fd08d7 elementor-widget elementor-widget-text-editor\" data-id=\"7fd08d7\" data-element_type=\"widget\" data-widget_type=\"text-editor.default\">\n\t\t\t\t<div class=\"elementor-widget-container\">\n\t\t\t\t\t\t\t\t<p class=\"font_8\">MERCI POUR VOTRE SOUTIEN !<\/p><p class=\"font_8\">\u00a0\u00a0* Au titre du m\u00e9c\u00e9nat, chaque don effectu\u00e9 en faveur de l&#8217;Association Le Tipi des Musiciens ouvre droit en France \u00e0 une r\u00e9duction d\u2019imp\u00f4ts sur le revenu \u00e9gale \u00e0 66% de son montant, dans la limite de 20% du revenu imposable.<br \/>Si ce plafond est d\u00e9pass\u00e9, l\u2019exc\u00e9dent est reportable sur les cinq ann\u00e9es suivant le versement.<\/p>\t\t\t\t\t\t<\/div>\n\t\t\t\t<\/div>\n\t\t\t\t\t<\/div>\n\t\t<\/div>\n\t\t\t\t\t\t\t<\/div>\n\t\t<\/section>\n\t\t\t\t<section class=\"elementor-section elementor-top-section elementor-element elementor-element-3df940a elementor-section-boxed elementor-section-height-default elementor-section-height-default\" data-id=\"3df940a\" data-element_type=\"section\">\n\t\t\t\t\t\t<div class=\"elementor-container elementor-column-gap-default\">\n\t\t\t\t\t<div class=\"elementor-column elementor-col-100 elementor-top-column elementor-element elementor-element-5519df6\" data-id=\"5519df6\" data-element_type=\"column\">\n\t\t\t<div class=\"elementor-widget-wrap elementor-element-populated\">\n\t\t\t\t\t\t\t\t<div class=\"elementor-element elementor-element-93fdfbf elementor-widget elementor-widget-spacer\" data-id=\"93fdfbf\" data-element_type=\"widget\" data-widget_type=\"spacer.default\">\n\t\t\t\t<div class=\"elementor-widget-container\">\n\t\t\t\t\t<div class=\"elementor-spacer\">\n\t\t\t<div class=\"elementor-spacer-inner\"><\/div>\n\t\t<\/div>\n\t\t\t\t<\/div>\n\t\t\t\t<\/div>\n\t\t\t\t\t<\/div>\n\t\t<\/div>\n\t\t\t\t\t\t\t<\/div>\n\t\t<\/section>\n\t\t\t\t<section class=\"elementor-section elementor-top-section elementor-element elementor-element-135830e elementor-section-boxed elementor-section-height-default elementor-section-height-default\" data-id=\"135830e\" data-element_type=\"section\">\n\t\t\t\t\t\t<div class=\"elementor-container elementor-column-gap-default\">\n\t\t\t\t\t<div class=\"elementor-column elementor-col-100 elementor-top-column elementor-element elementor-element-34dac60\" data-id=\"34dac60\" data-element_type=\"column\">\n\t\t\t<div class=\"elementor-widget-wrap elementor-element-populated\">\n\t\t\t\t\t\t\t\t<div class=\"elementor-element elementor-element-b136b72 elementor-widget elementor-widget-heading\" data-id=\"b136b72\" data-element_type=\"widget\" data-widget_type=\"heading.default\">\n\t\t\t\t<div class=\"elementor-widget-container\">\n\t\t\t<h2 class=\"elementor-heading-title elementor-size-xl\">Le m\u00e9c\u00e9nat d\u2019Entreprises<\/h2>\t\t<\/div>\n\t\t\t\t<\/div>\n\t\t\t\t\t<\/div>\n\t\t<\/div>\n\t\t\t\t\t\t\t<\/div>\n\t\t<\/section>\n\t\t\t\t<section class=\"elementor-section elementor-top-section elementor-element elementor-element-edbd74d elementor-section-boxed elementor-section-height-default elementor-section-height-default\" data-id=\"edbd74d\" data-element_type=\"section\">\n\t\t\t\t\t\t<div class=\"elementor-container elementor-column-gap-default\">\n\t\t\t\t\t<div class=\"elementor-column elementor-col-100 elementor-top-column elementor-element elementor-element-2bc3f6e\" data-id=\"2bc3f6e\" data-element_type=\"column\">\n\t\t\t<div class=\"elementor-widget-wrap elementor-element-populated\">\n\t\t\t\t\t\t\t\t<div class=\"elementor-element elementor-element-7a6c817 elementor-widget-divider--view-line elementor-widget elementor-widget-divider\" data-id=\"7a6c817\" data-element_type=\"widget\" data-widget_type=\"divider.default\">\n\t\t\t\t<div class=\"elementor-widget-container\">\n\t\t\t\t\t<div class=\"elementor-divider\">\n\t\t\t<span class=\"elementor-divider-separator\">\n\t\t\t\t\t\t<\/span>\n\t\t<\/div>\n\t\t\t\t<\/div>\n\t\t\t\t<\/div>\n\t\t\t\t\t<\/div>\n\t\t<\/div>\n\t\t\t\t\t\t\t<\/div>\n\t\t<\/section>\n\t\t\t\t<section class=\"elementor-section elementor-top-section elementor-element elementor-element-a11ea47 elementor-section-boxed elementor-section-height-default elementor-section-height-default\" data-id=\"a11ea47\" data-element_type=\"section\">\n\t\t\t\t\t\t<div class=\"elementor-container elementor-column-gap-default\">\n\t\t\t\t\t<div class=\"elementor-column elementor-col-100 elementor-top-column elementor-element elementor-element-dbaffd1\" data-id=\"dbaffd1\" data-element_type=\"column\">\n\t\t\t<div class=\"elementor-widget-wrap elementor-element-populated\">\n\t\t\t\t\t\t\t\t<div class=\"elementor-element elementor-element-cdd8b56 elementor-widget elementor-widget-spacer\" data-id=\"cdd8b56\" data-element_type=\"widget\" data-widget_type=\"spacer.default\">\n\t\t\t\t<div class=\"elementor-widget-container\">\n\t\t\t\t\t<div class=\"elementor-spacer\">\n\t\t\t<div class=\"elementor-spacer-inner\"><\/div>\n\t\t<\/div>\n\t\t\t\t<\/div>\n\t\t\t\t<\/div>\n\t\t\t\t\t<\/div>\n\t\t<\/div>\n\t\t\t\t\t\t\t<\/div>\n\t\t<\/section>\n\t\t\t\t<section class=\"elementor-section elementor-top-section elementor-element elementor-element-1d4e019 elementor-section-boxed elementor-section-height-default elementor-section-height-default\" data-id=\"1d4e019\" data-element_type=\"section\">\n\t\t\t\t\t\t<div class=\"elementor-container elementor-column-gap-default\">\n\t\t\t\t\t<div class=\"elementor-column elementor-col-100 elementor-top-column elementor-element elementor-element-d743398\" data-id=\"d743398\" data-element_type=\"column\">\n\t\t\t<div class=\"elementor-widget-wrap elementor-element-populated\">\n\t\t\t\t\t\t\t\t<div class=\"elementor-element elementor-element-8a38768 elementor-widget elementor-widget-text-editor\" data-id=\"8a38768\" data-element_type=\"widget\" data-widget_type=\"text-editor.default\">\n\t\t\t\t<div class=\"elementor-widget-container\">\n\t\t\t\t\t\t\t\t<p class=\"font_8\">Lorsqu\u2019une entreprise fait un don, elle b\u00e9n\u00e9ficie d\u2019une d\u00e9duction fiscale de 60% de la somme vers\u00e9e, dans la limite de 0,5% de son chiffre d\u2019affaire H.T.<\/p><p class=\"font_8\">Si le plafond de 0,5% du CA H.T. est d\u00e9pass\u00e9, l\u2019exc\u00e9dent peut \u00eatre report\u00e9 sur les 5 exercices suivants.<\/p><p class=\"font_8\">Exemples :<\/p><p class=\"font_8\">Montant du don\u00a0 \u00a0 \u00a0 \u00a0 \u00a0 \u00a0 \u00a0 \u00a0 \u00a0 \u00a0 \u00a010 000 \u20ac\u00a0 \u00a0 \u00a0\u00a025 000 \u20ac\u00a0 \u00a0 \u00a050 000 \u20ac<\/p><p class=\"font_8\">D\u00e9duction fiscale (60 %)\u00a0 \u00a0 \u00a0 \u00a0\u00a06 000 \u20ac\u00a0 \u00a0 \u00a0 \u00a015 000 \u20ac\u00a0 \u00a0 \u00a0\u00a030 000 \u20ac<\/p><p class=\"font_8\">Co\u00fbt r\u00e9el\u00a0 \u00a0 \u00a0 \u00a0 \u00a0 \u00a0 \u00a0 \u00a0 \u00a0 \u00a0 \u00a0 \u00a0 \u00a0 \u00a0 \u00a0 \u00a0 \u00a0\u00a04 000 \u20ac\u00a0 \u00a0 \u00a0 \u00a010 000 \u20ac\u00a0 \u00a0 \u00a0\u00a020 000 \u20ac<\/p><p class=\"font_8\">L\u2019entreprise m\u00e9c\u00e8ne peut b\u00e9n\u00e9ficier de contreparties en communication et relations publiques (diffusion du logo de l\u2019entreprise, invitations gratuites sur la programmation de l\u2019Orchestre ou du Quatuor) dans la limite de 25% du montant du don.<\/p><p class=\"font_8\"><span class=\"wixGuard\">\u200b<\/span>MERCI POUR VOTRE SOUTIEN !<\/p><p class=\"font_8\">\u00a0\u00a0*\u00a0Au titre du m\u00e9c\u00e9nat, chaque don effectu\u00e9 en faveur de l&#8217;Association Le Tipi des Musiciens\u00a0ouvre droit en France \u00e0 une r\u00e9duction d\u2019imp\u00f4ts sur le revenu \u00e9gale \u00e0 66% de son montant, dans la limite de 20% du revenu imposable.<br \/>Si ce plafond est d\u00e9pass\u00e9, l\u2019exc\u00e9dent est reportable sur les cinq ann\u00e9es suivant le versement.<\/p>\t\t\t\t\t\t<\/div>\n\t\t\t\t<\/div>\n\t\t\t\t\t<\/div>\n\t\t<\/div>\n\t\t\t\t\t\t\t<\/div>\n\t\t<\/section>\n\t\t\t\t\t\t<\/div>\n\t\t\t\t\t<\/div>\n\t\t","protected":false},"excerpt":{"rendered":"<p>Faire un don Cher public, Soutenez L\u2019Orchestre de Fourvi\u00e8re &amp; Le Quatuor de Fourvi\u00e8re En faisant un don \u00e0 l\u2019Association \u00ab LE TIPI DES MUSICIENS \u00bb, b\u00e9n\u00e9ficiez d\u2019une r\u00e9duction d\u2019imp\u00f4t. Les dons re\u00e7us par l\u2019association ouvrent droit \u00e0 r\u00e9duction d\u2019imp\u00f4t sur le revenu ou d\u2019imp\u00f4t sur les soci\u00e9t\u00e9s. \u200b Par carte bancaire : vous pouvez [&hellip;]<\/p>\n","protected":false},"author":1,"featured_media":0,"parent":0,"menu_order":0,"comment_status":"closed","ping_status":"closed","template":"","meta":[],"_links":{"self":[{"href":"https:\/\/www.quatuordefourviere.fr\/index.php\/wp-json\/wp\/v2\/pages\/725"}],"collection":[{"href":"https:\/\/www.quatuordefourviere.fr\/index.php\/wp-json\/wp\/v2\/pages"}],"about":[{"href":"https:\/\/www.quatuordefourviere.fr\/index.php\/wp-json\/wp\/v2\/types\/page"}],"author":[{"embeddable":true,"href":"https:\/\/www.quatuordefourviere.fr\/index.php\/wp-json\/wp\/v2\/users\/1"}],"replies":[{"embeddable":true,"href":"https:\/\/www.quatuordefourviere.fr\/index.php\/wp-json\/wp\/v2\/comments?post=725"}],"version-history":[{"count":44,"href":"https:\/\/www.quatuordefourviere.fr\/index.php\/wp-json\/wp\/v2\/pages\/725\/revisions"}],"predecessor-version":[{"id":1594,"href":"https:\/\/www.quatuordefourviere.fr\/index.php\/wp-json\/wp\/v2\/pages\/725\/revisions\/1594"}],"wp:attachment":[{"href":"https:\/\/www.quatuordefourviere.fr\/index.php\/wp-json\/wp\/v2\/media?parent=725"}],"curies":[{"name":"wp","href":"https:\/\/api.w.org\/{rel}","templated":true}]}}